{"id":202,"date":"2020-03-15T18:46:14","date_gmt":"2020-03-15T16:46:14","guid":{"rendered":"https:\/\/tervise13.ee\/hu\/?page_id=202"},"modified":"2024-01-18T12:53:27","modified_gmt":"2024-01-18T10:53:27","slug":"koosolekud","status":"publish","type":"page","link":"https:\/\/tervise13.ee\/hu\/koosolekud\/","title":{"rendered":"Koosolekud"},"content":{"rendered":"<p>\u00dcK <a href=\"https:\/\/tervise13.ee\/hu\/wp-content\/uploads\/2024\/01\/Protokol-13.07.23-Kordus.doc\">Protokol 13.07.23 Kordus<\/a><\/p>\n<p><a href=\"https:\/\/tervise13.ee\/hu\/wp-content\/uploads\/2024\/01\/Protokol-21.06.23.doc\">\u00dcK Protokol 21.06.23<\/a><\/p>\n<p><a href=\"https:\/\/tervise13.ee\/hu\/wp-content\/uploads\/2021\/01\/UK-Korduv-protokoll-10.01.2021.docx\">\u00dcK Korduv protokoll &#8212; 10.01.2021<\/a><\/p>\n<p><a href=\"https:\/\/tervise13.ee\/hu\/wp-content\/uploads\/2021\/01\/UK-protokoll-28.12.2020.docx\">\u00dcK protokoll &#8212; 28.12.2020<\/a><\/p>\n<p><a href=\"https:\/\/tervise13.ee\/hu\/wp-content\/uploads\/2020\/03\/\u00dcK-Protokoll-16.02.2020-web.doc\" target=\"_blank\" rel=\"noopener noreferrer\">Protokoll 16.02.2020<\/a><\/p>\n<p><a href=\"https:\/\/tervise13.ee\/hu\/wp-content\/uploads\/2020\/03\/\u00dcKkorduv-Protokoll-15.03.2020-web.docx\" target=\"_blank\" rel=\"noopener noreferrer\">Protokoll 15.03.2020<\/a><\/p>\n<p><a href=\"https:\/\/tervise13.ee\/hu\/wp-content\/uploads\/2020\/03\/V\u00f5lad.pdf\">V\u00f5lad Seisundis 26,10,2019<\/a><\/p>\n","protected":false},"excerpt":{"rendered":"<p>\u00dcK Protokol 13.07.23 Kordus \u00dcK Protokol 21.06.23 \u00dcK Korduv protokoll &#8212; 10.01.2021 \u00dcK protokoll &#8212; 28.12.2020 Protokoll 16.02.2020 Protokoll 15.03.2020 V\u00f5lad Seisundis 26,10,2019<\/p>\n","protected":false},"author":1,"featured_media":0,"parent":0,"menu_order":0,"comment_status":"closed","ping_status":"closed","template":"","meta":{"footnotes":""},"class_list":["post-202","page","type-page","status-publish","hentry"],"_links":{"self":[{"href":"https:\/\/tervise13.ee\/hu\/wp-json\/wp\/v2\/pages\/202","targetHints":{"allow":["GET"]}}],"collection":[{"href":"https:\/\/tervise13.ee\/hu\/wp-json\/wp\/v2\/pages"}],"about":[{"href":"https:\/\/tervise13.ee\/hu\/wp-json\/wp\/v2\/types\/page"}],"author":[{"embeddable":true,"href":"https:\/\/tervise13.ee\/hu\/wp-json\/wp\/v2\/users\/1"}],"replies":[{"embeddable":true,"href":"https:\/\/tervise13.ee\/hu\/wp-json\/wp\/v2\/comments?post=202"}],"version-history":[{"count":20,"href":"https:\/\/tervise13.ee\/hu\/wp-json\/wp\/v2\/pages\/202\/revisions"}],"predecessor-version":[{"id":457,"href":"https:\/\/tervise13.ee\/hu\/wp-json\/wp\/v2\/pages\/202\/revisions\/457"}],"wp:attachment":[{"href":"https:\/\/tervise13.ee\/hu\/wp-json\/wp\/v2\/media?parent=202"}],"curies":[{"name":"wp","href":"https:\/\/api.w.org\/{rel}","templated":true}]}}